{"id":195,"date":"2015-07-09T19:57:11","date_gmt":"2015-07-09T17:57:11","guid":{"rendered":"http:\/\/pefctcm.fr\/wordp\/?page_id=195"},"modified":"2021-10-03T12:52:49","modified_gmt":"2021-10-03T10:52:49","slug":"195-2","status":"publish","type":"page","link":"https:\/\/pefctcm.fr\/?page_id=195","title":{"rendered":"Rejoignez Nous"},"content":{"rendered":"<div id=\"pl-195\"  class=\"panel-layout\" ><div id=\"pg-195-0\"  class=\"panel-grid panel-no-style\" ><div id=\"pgc-195-0-0\"  class=\"panel-grid-cell\" ><div id=\"panel-195-0-0-0\" class=\"so-panel widget widget_black-studio-tinymce widget_black_studio_tinymce panel-first-child panel-last-child\" data-index=\"0\" ><div class=\"textwidget\"><h2>PEFCTCM<\/h2>\n<p>50 rue Jeanne d'Arc<br \/>75013 PARIS<\/p>\n<p>pefctcm@pefctcm.fr<\/p>\n<p>\u00a0<\/p>\n<h2>Envoyer un mail<\/h2>\n<p><div role=\"form\" class=\"wpcf7\" id=\"wpcf7-f173-o1\" lang=\"fr-FR\" dir=\"ltr\">\n<div class=\"screen-reader-response\" role=\"alert\" aria-live=\"polite\"><\/div>\n<form action=\"\/index.php?rest_route=%2Fwp%2Fv2%2Fpages%2F195#wpcf7-f173-o1\" method=\"post\" class=\"wpcf7-form init\" novalidate=\"novalidate\">\n<div style=\"display: none;\">\n<input type=\"hidden\" name=\"_wpcf7\" value=\"173\" \/>\n<input type=\"hidden\" name=\"_wpcf7_version\" value=\"5.2.2\" \/>\n<input type=\"hidden\" name=\"_wpcf7_locale\" value=\"fr_FR\" \/>\n<input type=\"hidden\" name=\"_wpcf7_unit_tag\" value=\"wpcf7-f173-o1\" \/>\n<input type=\"hidden\" name=\"_wpcf7_container_post\" value=\"0\" \/>\n<input type=\"hidden\" name=\"_wpcf7_posted_data_hash\" value=\"\" \/>\n<\/div>\n<p>Votre nom (obligatoire)<br \/>\n    <span class=\"wpcf7-form-control-wrap your-name\"><input type=\"text\" name=\"your-name\" value=\"\" size=\"40\" class=\"wpcf7-form-control wpcf7-text wpcf7-validates-as-required\" aria-required=\"true\" aria-invalid=\"false\" \/><\/span> <\/p>\n<p>Votre email (obligatoire)<br \/>\n    <span class=\"wpcf7-form-control-wrap your-email\"><input type=\"email\" name=\"your-email\" value=\"\" size=\"40\" class=\"wpcf7-form-control wpcf7-text wpcf7-email wpcf7-validates-as-required wpcf7-validates-as-email\" aria-required=\"true\" aria-invalid=\"false\" \/><\/span> <\/p>\n<p>Sujet<br \/>\n    <span class=\"wpcf7-form-control-wrap your-subject\"><input type=\"text\" name=\"your-subject\" value=\"\" size=\"40\" class=\"wpcf7-form-control wpcf7-text\" aria-invalid=\"false\" \/><\/span> <\/p>\n<p>Votre message<br \/>\n    <span class=\"wpcf7-form-control-wrap your-message\"><textarea name=\"your-message\" cols=\"40\" rows=\"10\" class=\"wpcf7-form-control wpcf7-textarea\" aria-invalid=\"false\"><\/textarea><\/span> <\/p>\n<p><input type=\"submit\" value=\"Envoyer\" class=\"wpcf7-form-control wpcf7-submit\" \/><\/p>\n<div class=\"wpcf7-response-output\" role=\"alert\" aria-hidden=\"true\"><\/div><\/form><\/div><\/p>\n<\/div><\/div><\/div><div id=\"pgc-195-0-1\"  class=\"panel-grid-cell\" ><div id=\"panel-195-0-1-0\" class=\"so-panel widget widget_black-studio-tinymce widget_black_studio_tinymce panel-first-child panel-last-child\" data-index=\"1\" ><div class=\"panel-widget-style panel-widget-style-for-195-0-1-0\" ><div class=\"textwidget\"><h2>\u00a0Bulletins d'adh\u00e9sion \u00e0 la PEFCTCM<\/h2>\n<p><a href=\"http:\/\/pefctcm.fr\/wordp\/wp-content\/uploads\/2021\/10\/Bulletin-Adhesion-PEFCTCM-2021-2022.pdf\">Adh\u00e9sion individuelle PEFCTCM<\/a><\/p>\n<p><a href=\"http:\/\/pefctcm.fr\/wordp\/wp-content\/uploads\/2021\/10\/Bulletin-Adhesion-PEFCTCM-2021-2022-ecole.pdf\"> Adh\u00e9sion association PEFCTCM<\/a><\/p>\n<p>&nbsp;<\/p>\n<\/div><\/div><\/div><\/div><\/div><\/div>","protected":false},"excerpt":{"rendered":"<p>PEFCTCM 50 rue Jeanne d&rsquo;Arc75013 PARIS pefctcm@pefctcm.fr \u00a0 Envoyer un mail Votre nom (obligatoire) Votre email (obligatoire) Sujet Votre message \u00a0Bulletins d&rsquo;adh\u00e9sion \u00e0 la PEFCTCM Adh\u00e9sion individuelle PEFCTCM Adh\u00e9sion association PEFCTCM &nbsp;<\/p>\n","protected":false},"author":1,"featured_media":596,"parent":0,"menu_order":0,"comment_status":"closed","ping_status":"open","template":"page-templates\/contact.php","meta":{"spay_email":""},"yoast_head":"<!-- This site is optimized with the Yoast SEO plugin v15.0 - https:\/\/yoast.com\/wordpress\/plugins\/seo\/ -->\n<title>Rejoignez Nous - PEFCTCM<\/title>\n<meta name=\"robots\" content=\"index, follow, max-snippet:-1, max-image-preview:large, max-video-preview:-1\" \/>\n<link rel=\"canonical\" href=\"http:\/\/pefctcm.fr\/?page_id=195\" \/>\n<meta property=\"og:locale\" content=\"fr_FR\" \/>\n<meta property=\"og:type\" content=\"article\" \/>\n<meta property=\"og:title\" content=\"Rejoignez Nous - PEFCTCM\" \/>\n<meta property=\"og:description\" content=\"PEFCTCM 50 rue Jeanne d&#039;Arc75013 PARIS pefctcm@pefctcm.fr \u00a0 Envoyer un mail Votre nom (obligatoire) Votre email (obligatoire) Sujet Votre message \u00a0Bulletins d&#039;adh\u00e9sion \u00e0 la PEFCTCM Adh\u00e9sion individuelle PEFCTCM Adh\u00e9sion association PEFCTCM &nbsp;\" \/>\n<meta property=\"og:url\" content=\"http:\/\/pefctcm.fr\/?page_id=195\" \/>\n<meta property=\"og:site_name\" content=\"PEFCTCM\" \/>\n<meta property=\"article:modified_time\" content=\"2021-10-03T10:52:49+00:00\" \/>\n<meta property=\"og:image\" content=\"https:\/\/i0.wp.com\/pefctcm.fr\/wordp\/wp-content\/uploads\/2015\/07\/stage-octobre-2010-e1436973641850.jpg?fit=1079%2C600&#038;ssl=1\" \/>\n\t<meta property=\"og:image:width\" content=\"1079\" \/>\n\t<meta property=\"og:image:height\" content=\"600\" \/>\n<meta name=\"twitter:card\" content=\"summary\" \/>\n<script type=\"application\/ld+json\" class=\"yoast-schema-graph\">{\"@context\":\"https:\/\/schema.org\",\"@graph\":[{\"@type\":\"WebSite\",\"@id\":\"https:\/\/pefctcm.fr\/#website\",\"url\":\"https:\/\/pefctcm.fr\/\",\"name\":\"PEFCTCM\",\"description\":\"\",\"potentialAction\":[{\"@type\":\"SearchAction\",\"target\":\"https:\/\/pefctcm.fr\/?s={search_term_string}\",\"query-input\":\"required name=search_term_string\"}],\"inLanguage\":\"fr-FR\"},{\"@type\":\"ImageObject\",\"@id\":\"http:\/\/pefctcm.fr\/?page_id=195#primaryimage\",\"inLanguage\":\"fr-FR\",\"url\":\"https:\/\/i0.wp.com\/pefctcm.fr\/wordp\/wp-content\/uploads\/2015\/07\/stage-octobre-2010-e1436973641850.jpg?fit=1079%2C600&ssl=1\",\"width\":1079,\"height\":600},{\"@type\":\"WebPage\",\"@id\":\"http:\/\/pefctcm.fr\/?page_id=195#webpage\",\"url\":\"http:\/\/pefctcm.fr\/?page_id=195\",\"name\":\"Rejoignez Nous - PEFCTCM\",\"isPartOf\":{\"@id\":\"https:\/\/pefctcm.fr\/#website\"},\"primaryImageOfPage\":{\"@id\":\"http:\/\/pefctcm.fr\/?page_id=195#primaryimage\"},\"datePublished\":\"2015-07-09T17:57:11+00:00\",\"dateModified\":\"2021-10-03T10:52:49+00:00\",\"inLanguage\":\"fr-FR\",\"potentialAction\":[{\"@type\":\"ReadAction\",\"target\":[\"http:\/\/pefctcm.fr\/?page_id=195\"]}]}]}<\/script>\n<!-- \/ Yoast SEO plugin. -->","jetpack_sharing_enabled":false,"jetpack_shortlink":"https:\/\/wp.me\/P6sALD-39","jetpack-related-posts":[],"_links":{"self":[{"href":"https:\/\/pefctcm.fr\/index.php?rest_route=\/wp\/v2\/pages\/195"}],"collection":[{"href":"https:\/\/pefctcm.fr\/index.php?rest_route=\/wp\/v2\/pages"}],"about":[{"href":"https:\/\/pefctcm.fr\/index.php?rest_route=\/wp\/v2\/types\/page"}],"author":[{"embeddable":true,"href":"https:\/\/pefctcm.fr\/index.php?rest_route=\/wp\/v2\/users\/1"}],"replies":[{"embeddable":true,"href":"https:\/\/pefctcm.fr\/index.php?rest_route=%2Fwp%2Fv2%2Fcomments&post=195"}],"version-history":[{"count":17,"href":"https:\/\/pefctcm.fr\/index.php?rest_route=\/wp\/v2\/pages\/195\/revisions"}],"predecessor-version":[{"id":1152,"href":"https:\/\/pefctcm.fr\/index.php?rest_route=\/wp\/v2\/pages\/195\/revisions\/1152"}],"wp:featuredmedia":[{"embeddable":true,"href":"https:\/\/pefctcm.fr\/index.php?rest_route=\/wp\/v2\/media\/596"}],"wp:attachment":[{"href":"https:\/\/pefctcm.fr\/index.php?rest_route=%2Fwp%2Fv2%2Fmedia&parent=195"}],"curies":[{"name":"wp","href":"https:\/\/api.w.org\/{rel}","templated":true}]}}