{"id":587,"date":"2015-07-13T22:42:30","date_gmt":"2015-07-13T20:42:30","guid":{"rendered":"http:\/\/pefctcm.fr\/wordp\/?page_id=587"},"modified":"2015-07-13T22:45:19","modified_gmt":"2015-07-13T20:45:19","slug":"galeries","status":"publish","type":"page","link":"https:\/\/pefctcm.fr\/?page_id=587","title":{"rendered":"Galeries"},"content":{"rendered":"<div id=\"pl-587\"  class=\"panel-layout\" ><div id=\"pg-587-0\"  class=\"panel-grid panel-no-style\" ><div id=\"pgc-587-0-0\"  class=\"panel-grid-cell\" ><div id=\"panel-587-0-0-0\" class=\"so-panel widget widget_listcategorypostswidget panel-first-child panel-last-child\" data-index=\"0\" ><h3 class=\"widget-title\">Galeries<\/h3><ul class=\"lcp_catlist\" id=\"lcp_instance_listcategorypostswidget-1\"><li ><a href=\"https:\/\/pefctcm.fr\/?p=1071\" title=\"Journ\u00e9e mondiale de la MTC 2019 \u00e0 Paris\">Journ\u00e9e mondiale de la MTC 2019 \u00e0 Paris<\/a>  20 octobre 2019<\/li><li ><a href=\"https:\/\/pefctcm.fr\/?p=1020\" title=\"galerie photo congr\u00e8s 2018: WAFAS \u00e0 Paris et WFCMS \u00e0 Rome,\">galerie photo congr\u00e8s 2018: WAFAS \u00e0 Paris et WFCMS \u00e0 Rome,<\/a>  29 d\u00e9cembre 2018<\/li><li ><a href=\"https:\/\/pefctcm.fr\/?p=983\" title=\"14\u00b0 congr\u00e8s de la WFCMS \u00e0 Bangkok, 2017\">14\u00b0 congr\u00e8s de la WFCMS \u00e0 Bangkok, 2017<\/a>  7 novembre 2017<\/li><li ><a href=\"https:\/\/pefctcm.fr\/?p=824\" title=\"Pr\u00e9sentation de \u00ab\u00a0l&rsquo;enseignement Universitaire de la MTC en France\u00a0\u00bb, par Pr ZHU Miansheng \u00e0 l&rsquo;UNESCO 10\/07\/2017\">Pr\u00e9sentation de \u00ab\u00a0l&rsquo;enseignement Universitaire de la MTC en France\u00a0\u00bb, par Pr ZHU Miansheng \u00e0 l&rsquo;UNESCO 10\/07\/2017<\/a>  10 juillet 2017<\/li><li ><a href=\"https:\/\/pefctcm.fr\/?p=816\" title=\"journ\u00e9e de travail \u00e0 l&rsquo;IGR et \u00e0 l&rsquo;UNESCO pour la recherche clinique en MTC- juillet 2017\">journ\u00e9e de travail \u00e0 l&rsquo;IGR et \u00e0 l&rsquo;UNESCO pour la recherche clinique en MTC- juillet 2017<\/a>  10 juillet 2017<\/li><\/ul><a href=\"https:\/\/pefctcm.fr\/?cat=33\" > <\/a><\/div><\/div><\/div><\/div>","protected":false},"excerpt":{"rendered":"<p>GaleriesJourn\u00e9e mondiale de la MTC 2019 \u00e0 Paris 20 octobre 2019galerie photo congr\u00e8s 2018: WAFAS \u00e0 Paris et WFCMS \u00e0 Rome, 29 d\u00e9cembre 201814\u00b0 congr\u00e8s de la WFCMS \u00e0 Bangkok, 2017 7 novembre 2017Pr\u00e9sentation de \u00ab\u00a0l&rsquo;enseignement Universitaire de la MTC<\/p>\n","protected":false},"author":1,"featured_media":106,"parent":0,"menu_order":0,"comment_status":"closed","ping_status":"open","template":"","meta":{"spay_email":""},"yoast_head":"<!-- This site is optimized with the Yoast SEO plugin v15.0 - https:\/\/yoast.com\/wordpress\/plugins\/seo\/ -->\n<title>Galeries - PEFCTCM<\/title>\n<meta name=\"robots\" content=\"index, follow, max-snippet:-1, max-image-preview:large, max-video-preview:-1\" \/>\n<link rel=\"canonical\" href=\"http:\/\/pefctcm.fr\/?page_id=587\" \/>\n<meta property=\"og:locale\" content=\"fr_FR\" \/>\n<meta property=\"og:type\" content=\"article\" \/>\n<meta property=\"og:title\" content=\"Galeries - PEFCTCM\" \/>\n<meta property=\"og:description\" content=\"GaleriesJourn\u00e9e mondiale de la MTC 2019 \u00e0 Paris 20 octobre 2019galerie photo congr\u00e8s 2018: WAFAS \u00e0 Paris et WFCMS \u00e0 Rome, 29 d\u00e9cembre 201814\u00b0 congr\u00e8s de la WFCMS \u00e0 Bangkok, 2017 7 novembre 2017Pr\u00e9sentation de \u00ab\u00a0l&rsquo;enseignement Universitaire de la MTC\" \/>\n<meta property=\"og:url\" content=\"http:\/\/pefctcm.fr\/?page_id=587\" \/>\n<meta property=\"og:site_name\" content=\"PEFCTCM\" \/>\n<meta property=\"article:modified_time\" content=\"2015-07-13T20:45:19+00:00\" \/>\n<meta property=\"og:image\" content=\"https:\/\/i0.wp.com\/pefctcm.fr\/wordp\/wp-content\/uploads\/2015\/07\/20140322_0665.jpg?fit=787%2C591&#038;ssl=1\" \/>\n\t<meta property=\"og:image:width\" content=\"787\" \/>\n\t<meta property=\"og:image:height\" content=\"591\" \/>\n<meta name=\"twitter:card\" content=\"summary\" \/>\n<script type=\"application\/ld+json\" class=\"yoast-schema-graph\">{\"@context\":\"https:\/\/schema.org\",\"@graph\":[{\"@type\":\"WebSite\",\"@id\":\"https:\/\/pefctcm.fr\/#website\",\"url\":\"https:\/\/pefctcm.fr\/\",\"name\":\"PEFCTCM\",\"description\":\"\",\"potentialAction\":[{\"@type\":\"SearchAction\",\"target\":\"https:\/\/pefctcm.fr\/?s={search_term_string}\",\"query-input\":\"required name=search_term_string\"}],\"inLanguage\":\"fr-FR\"},{\"@type\":\"ImageObject\",\"@id\":\"http:\/\/pefctcm.fr\/?page_id=587#primaryimage\",\"inLanguage\":\"fr-FR\",\"url\":\"https:\/\/i0.wp.com\/pefctcm.fr\/wordp\/wp-content\/uploads\/2015\/07\/20140322_0665.jpg?fit=787%2C591&ssl=1\",\"width\":787,\"height\":591},{\"@type\":\"WebPage\",\"@id\":\"http:\/\/pefctcm.fr\/?page_id=587#webpage\",\"url\":\"http:\/\/pefctcm.fr\/?page_id=587\",\"name\":\"Galeries - PEFCTCM\",\"isPartOf\":{\"@id\":\"https:\/\/pefctcm.fr\/#website\"},\"primaryImageOfPage\":{\"@id\":\"http:\/\/pefctcm.fr\/?page_id=587#primaryimage\"},\"datePublished\":\"2015-07-13T20:42:30+00:00\",\"dateModified\":\"2015-07-13T20:45:19+00:00\",\"inLanguage\":\"fr-FR\",\"potentialAction\":[{\"@type\":\"ReadAction\",\"target\":[\"http:\/\/pefctcm.fr\/?page_id=587\"]}]}]}<\/script>\n<!-- \/ Yoast SEO plugin. -->","jetpack_sharing_enabled":true,"jetpack_shortlink":"https:\/\/wp.me\/P6sALD-9t","jetpack-related-posts":[{"id":195,"url":"https:\/\/pefctcm.fr\/?page_id=195","url_meta":{"origin":587,"position":0},"title":"Rejoignez Nous","date":"9 juillet 2015","format":false,"excerpt":"","rel":"","context":"Article similaire","img":{"alt_text":"","src":"https:\/\/i0.wp.com\/pefctcm.fr\/wordp\/wp-content\/uploads\/2015\/07\/stage-octobre-2010-e1436973641850.jpg?fit=1079%2C600&ssl=1&resize=350%2C200","width":350,"height":200},"classes":[]}],"_links":{"self":[{"href":"https:\/\/pefctcm.fr\/index.php?rest_route=\/wp\/v2\/pages\/587"}],"collection":[{"href":"https:\/\/pefctcm.fr\/index.php?rest_route=\/wp\/v2\/pages"}],"about":[{"href":"https:\/\/pefctcm.fr\/index.php?rest_route=\/wp\/v2\/types\/page"}],"author":[{"embeddable":true,"href":"https:\/\/pefctcm.fr\/index.php?rest_route=\/wp\/v2\/users\/1"}],"replies":[{"embeddable":true,"href":"https:\/\/pefctcm.fr\/index.php?rest_route=%2Fwp%2Fv2%2Fcomments&post=587"}],"version-history":[{"count":2,"href":"https:\/\/pefctcm.fr\/index.php?rest_route=\/wp\/v2\/pages\/587\/revisions"}],"predecessor-version":[{"id":631,"href":"https:\/\/pefctcm.fr\/index.php?rest_route=\/wp\/v2\/pages\/587\/revisions\/631"}],"wp:featuredmedia":[{"embeddable":true,"href":"https:\/\/pefctcm.fr\/index.php?rest_route=\/wp\/v2\/media\/106"}],"wp:attachment":[{"href":"https:\/\/pefctcm.fr\/index.php?rest_route=%2Fwp%2Fv2%2Fmedia&parent=587"}],"curies":[{"name":"wp","href":"https:\/\/api.w.org\/{rel}","templated":true}]}}